{"id":3,"date":"2025-03-21T11:58:06","date_gmt":"2025-03-21T11:58:06","guid":{"rendered":"https:\/\/shoppingeasyclub.com.br\/?page_id=3"},"modified":"2025-03-28T17:31:13","modified_gmt":"2025-03-28T17:31:13","slug":"privacy-policy","status":"publish","type":"page","link":"https:\/\/shoppingeasyclub.com.br\/?page_id=3","title":{"rendered":"Pol\u00edtica de Privacidade"},"content":{"rendered":"\t\t<div data-elementor-type=\"wp-page\" data-elementor-id=\"3\" class=\"elementor elementor-3\" data-elementor-post-type=\"page\">\n\t\t\t\t<div class=\"elementor-element elementor-element-22d4955c e-flex e-con-boxed e-con e-parent\" data-id=\"22d4955c\" data-element_type=\"container\" data-e-type=\"container\">\n\t\t\t\t\t<div class=\"e-con-inner\">\n\t\t\t\t<div class=\"elementor-element elementor-element-1a017e8d elementor-widget elementor-widget-text-editor\" data-id=\"1a017e8d\" data-element_type=\"widget\" data-e-type=\"widget\" data-widget_type=\"text-editor.default\">\n\t\t\t\t<div class=\"elementor-widget-container\">\n\t\t\t\t\t\t\t\t\t\n<p><strong>Pol\u00edtica de Privacidade e Seguran\u00e7a<\/strong><\/p>\n<p>O Shopping Easy Club tem o compromisso de proteger a privacidade das informa\u00e7\u00f5es obtidas em nosso site.<\/p>\n<p>A nossa prioridade \u00e9 assegurar a seguran\u00e7a e privacidade das informa\u00e7\u00f5es dos nossos usu\u00e1rios garantindo o sigilo das informa\u00e7\u00f5es.<\/p>\n<p>Informamos abaixo quais dados pessoais poderemos coletar:<\/p>\n<p><strong>Dados Cadastrais<\/strong><\/p>\n<p><strong>O que coletamos?<\/strong><\/p>\n<p>\u2013 Nome<\/p>\n<p>\u2013 CPF<\/p>\n<p>\u2013 E-mail<\/p>\n<p>\u2013 Endere\u00e7o<\/p>\n<p>\u2013 N\u00famero de telefone<\/p>\n<p>N\u00f3s n\u00e3o tratamos dados pessoais de menores de 18 (dezoito) anos. Caso sejam recebidos eventuais dados pessoais de menores em nossa plataforma ou loja f\u00edsica, nossos colaboradores e sistemas foram instru\u00eddos a prosseguirem com a exclus\u00e3o autom\u00e1tica destes dados.<\/p>\t\t\t\t\t\t\t\t<\/div>\n\t\t\t\t<\/div>\n\t\t\t\t\t<\/div>\n\t\t\t\t<\/div>\n\t\t\t\t<\/div>\n\t\t","protected":false},"excerpt":{"rendered":"<p>Pol\u00edtica de Privacidade e Seguran\u00e7a O Shopping Easy Club tem o compromisso de proteger a privacidade das informa\u00e7\u00f5es obtidas em nosso site. A nossa prioridade \u00e9 assegurar a seguran\u00e7a e privacidade das informa\u00e7\u00f5es dos nossos usu\u00e1rios garantindo o sigilo das informa\u00e7\u00f5es. Informamos abaixo quais dados pessoais poderemos coletar: Dados Cadastrais O que coletamos? \u2013 Nome [&hellip;]<\/p>\n","protected":false},"author":1,"featured_media":0,"parent":0,"menu_order":0,"comment_status":"closed","ping_status":"closed","template":"","meta":{"_eb_attr":"","footnotes":""},"class_list":["post-3","page","type-page","status-publish","hentry"],"_links":{"self":[{"href":"https:\/\/shoppingeasyclub.com.br\/index.php?rest_route=\/wp\/v2\/pages\/3","targetHints":{"allow":["GET"]}}],"collection":[{"href":"https:\/\/shoppingeasyclub.com.br\/index.php?rest_route=\/wp\/v2\/pages"}],"about":[{"href":"https:\/\/shoppingeasyclub.com.br\/index.php?rest_route=\/wp\/v2\/types\/page"}],"author":[{"embeddable":true,"href":"https:\/\/shoppingeasyclub.com.br\/index.php?rest_route=\/wp\/v2\/users\/1"}],"replies":[{"embeddable":true,"href":"https:\/\/shoppingeasyclub.com.br\/index.php?rest_route=%2Fwp%2Fv2%2Fcomments&post=3"}],"version-history":[{"count":5,"href":"https:\/\/shoppingeasyclub.com.br\/index.php?rest_route=\/wp\/v2\/pages\/3\/revisions"}],"predecessor-version":[{"id":805,"href":"https:\/\/shoppingeasyclub.com.br\/index.php?rest_route=\/wp\/v2\/pages\/3\/revisions\/805"}],"wp:attachment":[{"href":"https:\/\/shoppingeasyclub.com.br\/index.php?rest_route=%2Fwp%2Fv2%2Fmedia&parent=3"}],"curies":[{"name":"wp","href":"https:\/\/api.w.org\/{rel}","templated":true}]}}